{"id":2054,"date":"2017-09-28T05:43:29","date_gmt":"2017-09-28T05:43:29","guid":{"rendered":"https:\/\/ffautomation.com.mx\/index.php\/contacts\/"},"modified":"2022-09-06T11:15:13","modified_gmt":"2022-09-06T16:15:13","slug":"contacts","status":"publish","type":"page","link":"https:\/\/ffautomation.com.mx\/index.php\/contacts\/","title":{"rendered":"Contacts"},"content":{"rendered":"[vc_row full_width=&#8221;stretch_row_content&#8221; bg_cws_color=&#8221;color&#8221; cws_overlay_color=&#8221;#ffffff&#8221; crop_row=&#8221;1&#8243; top_sep=&#8221;1&#8243; top_crop=&#8221;center_crop&#8221; ingenious_landscape_top_indent=&#8221;100&#8243; ingenious_portrait_top_indent=&#8221;&#8221; ingenious_mobile_top_indent=&#8221;50&#8243; bot_sep=&#8221;1&#8243; bot_crop=&#8221;center_crop&#8221; ingenious_default_bottom_indent=&#8221;100&#8243; ingenious_landscape_bottom_indent=&#8221;100&#8243; ingenious_portrait_bottom_indent=&#8221;100&#8243; ingenious_mobile_bottom_indent=&#8221;50&#8243; css=&#8221;.vc_custom_1521010624826{margin-top: -150px !important;}&#8221; ingenious_default_top_indent=&#8221;100&#8243;][vc_column offset=&#8221;vc_col-lg-2 vc_col-md-2&#8243;][\/vc_column][vc_column width=&#8221;1\/4&#8243; offset=&#8221;vc_col-lg-2 vc_col-md-2&#8243;]<div id='ingenious_services_column_69e0edbfce23e' data-style='&quot;#ingenious_services_column_69e0edbfce23e .ingenious_services_icon .icon{\\n\\t\\t\\t\\tcolor: #539760;\\n\\t\\t\\t}\\n\\t\\t\\t#ingenious_services_column_69e0edbfce23e .ingenious_services_icon .icon &gt; i &gt; svg,\\n\\t\\t\\t#ingenious_services_column_69e0edbfce23e .ingenious_services_icon .icon &gt; a &gt; i &gt; svg{\\n\\t\\t\\t\\tfill: #539760;\\n\\t\\t\\t}#ingenious_services_column_69e0edbfce23e .ingenious_services_icon .icon &gt; i &gt; svg,\\n\\t\\t#ingenious_services_column_69e0edbfce23e .ingenious_services_icon .icon &gt; a &gt; i &gt; svg\\n\\t\\t{\\n\\t\\t\\twidth: 100px;\\n\\t\\t\\theight: 100px;\\n\\t\\t}#ingenious_services_column_69e0edbfce23e .ingenious_services_title{\\n\\t\\t\\t\\tcolor: #539760;\\n\\t\\t\\t}#ingenious_services_column_69e0edbfce23e .ingenious_services_icon .icon_shape &gt; svg{\\n\\t\\t\\t\\tfill: ;\\n\\t\\t\\t\\tstroke: #539760;\\n\\t\\t\\t}&quot;' class='ingenious_services_column ingenious_module render_styles large icon_center circle cws_svg_icon '><div class='ingenious_services_data'><div class='ingenious_services_icon' style=' '><div class='icon'><div class='icon_shape '><svg viewBox='-1 0 68 67'><linearGradient gradientTransform='rotate(65)' id='shape-gradient'><stop offset='0%' stop-color='#fefefe'\/><stop offset='100%' stop-color='#f9f8f8'\/><\/linearGradient><defs><filter id='shape_69e0edbfce242'><feMerge><feMergeNode\/><feMergeNode in='SourceGraphic'\/><\/feMerge><\/filter><\/defs><path filter='url(#shape_69e0edbfce242)' d='M215,159.45A29.92,29.92,0,1,1,185,189.37,29.92,29.92,0,0,1,215,159.45Z' transform='translate(-183 -156.99)'\/><\/svg><\/div><\/div><\/div><h3 class='ingenious_services_title'>Proyectos<\/h3><\/div><\/div>[\/vc_column][vc_column width=&#8221;1\/4&#8243; offset=&#8221;vc_col-lg-2 vc_col-md-2&#8243;]<div id='ingenious_services_column_69e0edbfce493' data-style='&quot;#ingenious_services_column_69e0edbfce493 .ingenious_services_icon .icon{\\n\\t\\t\\t\\tcolor: #000000;\\n\\t\\t\\t}\\n\\t\\t\\t#ingenious_services_column_69e0edbfce493 .ingenious_services_icon .icon &gt; i &gt; svg,\\n\\t\\t\\t#ingenious_services_column_69e0edbfce493 .ingenious_services_icon .icon &gt; a &gt; i &gt; svg{\\n\\t\\t\\t\\tfill: #000000;\\n\\t\\t\\t}#ingenious_services_column_69e0edbfce493 .ingenious_services_icon .icon &gt; i &gt; svg,\\n\\t\\t#ingenious_services_column_69e0edbfce493 .ingenious_services_icon .icon &gt; a &gt; i &gt; svg\\n\\t\\t{\\n\\t\\t\\twidth: 100px;\\n\\t\\t\\theight: 100px;\\n\\t\\t}#ingenious_services_column_69e0edbfce493 .ingenious_services_title{\\n\\t\\t\\t\\tcolor: #000000;\\n\\t\\t\\t}#ingenious_services_column_69e0edbfce493 .ingenious_services_icon .icon_shape &gt; svg{\\n\\t\\t\\t\\tfill: ;\\n\\t\\t\\t\\tstroke: #000000;\\n\\t\\t\\t}&quot;' class='ingenious_services_column ingenious_module render_styles large icon_center circle cws_svg_icon '><div class='ingenious_services_data'><div class='ingenious_services_icon' style=' '><div class='icon'><div class='icon_shape '><svg viewBox='-1 0 68 67'><linearGradient gradientTransform='rotate(65)' id='shape-gradient'><stop offset='0%' stop-color='#fefefe'\/><stop offset='100%' stop-color='#f9f8f8'\/><\/linearGradient><defs><filter id='shape_69e0edbfce494'><feMerge><feMergeNode\/><feMergeNode in='SourceGraphic'\/><\/feMerge><\/filter><\/defs><path filter='url(#shape_69e0edbfce494)' d='M215,159.45A29.92,29.92,0,1,1,185,189.37,29.92,29.92,0,0,1,215,159.45Z' transform='translate(-183 -156.99)'\/><\/svg><\/div><\/div><\/div><h3 class='ingenious_services_title'>Servicios<\/h3><\/div><\/div>[\/vc_column][vc_column width=&#8221;1\/4&#8243; offset=&#8221;vc_col-lg-2 vc_col-md-2&#8243;]<div id='ingenious_services_column_69e0edbfce5da' data-style='&quot;#ingenious_services_column_69e0edbfce5da .ingenious_services_icon .icon{\\n\\t\\t\\t\\tcolor: #000000;\\n\\t\\t\\t}\\n\\t\\t\\t#ingenious_services_column_69e0edbfce5da .ingenious_services_icon .icon &gt; i &gt; svg,\\n\\t\\t\\t#ingenious_services_column_69e0edbfce5da .ingenious_services_icon .icon &gt; a &gt; i &gt; svg{\\n\\t\\t\\t\\tfill: #000000;\\n\\t\\t\\t}#ingenious_services_column_69e0edbfce5da .ingenious_services_icon .icon &gt; i &gt; svg,\\n\\t\\t#ingenious_services_column_69e0edbfce5da .ingenious_services_icon .icon &gt; a &gt; i &gt; svg\\n\\t\\t{\\n\\t\\t\\twidth: 100px;\\n\\t\\t\\theight: 100px;\\n\\t\\t}#ingenious_services_column_69e0edbfce5da .ingenious_services_title{\\n\\t\\t\\t\\tcolor: #000000;\\n\\t\\t\\t}#ingenious_services_column_69e0edbfce5da .ingenious_services_icon .icon_shape &gt; svg{\\n\\t\\t\\t\\tfill: ;\\n\\t\\t\\t\\tstroke: #000000;\\n\\t\\t\\t}&quot;' class='ingenious_services_column ingenious_module render_styles large icon_center circle cws_svg_icon '><div class='ingenious_services_data'><div class='ingenious_services_icon' style=' '><div class='icon'><div class='icon_shape '><svg viewBox='-1 0 68 67'><linearGradient gradientTransform='rotate(65)' id='shape-gradient'><stop offset='0%' stop-color='#fefefe'\/><stop offset='100%' stop-color='#f9f8f8'\/><\/linearGradient><defs><filter id='shape_69e0edbfce5db'><feMerge><feMergeNode\/><feMergeNode in='SourceGraphic'\/><\/feMerge><\/filter><\/defs><path filter='url(#shape_69e0edbfce5db)' d='M215,159.45A29.92,29.92,0,1,1,185,189.37,29.92,29.92,0,0,1,215,159.45Z' transform='translate(-183 -156.99)'\/><\/svg><\/div><\/div><\/div><h3 class='ingenious_services_title'>Soporte<\/h3><\/div><\/div>[\/vc_column][vc_column width=&#8221;1\/4&#8243; offset=&#8221;vc_col-lg-2 vc_col-md-2&#8243;]<div id='ingenious_services_column_69e0edbfce714' data-style='&quot;#ingenious_services_column_69e0edbfce714 .ingenious_services_icon .icon{\\n\\t\\t\\t\\tcolor: #000000;\\n\\t\\t\\t}\\n\\t\\t\\t#ingenious_services_column_69e0edbfce714 .ingenious_services_icon .icon &gt; i &gt; svg,\\n\\t\\t\\t#ingenious_services_column_69e0edbfce714 .ingenious_services_icon .icon &gt; a &gt; i &gt; svg{\\n\\t\\t\\t\\tfill: #000000;\\n\\t\\t\\t}#ingenious_services_column_69e0edbfce714 .ingenious_services_icon .icon &gt; i &gt; svg,\\n\\t\\t#ingenious_services_column_69e0edbfce714 .ingenious_services_icon .icon &gt; a &gt; i &gt; svg\\n\\t\\t{\\n\\t\\t\\twidth: 100px;\\n\\t\\t\\theight: 100px;\\n\\t\\t}#ingenious_services_column_69e0edbfce714 .ingenious_services_title{\\n\\t\\t\\t\\tcolor: #000000;\\n\\t\\t\\t}#ingenious_services_column_69e0edbfce714 .ingenious_services_icon .icon_shape &gt; svg{\\n\\t\\t\\t\\tfill: ;\\n\\t\\t\\t\\tstroke: #000000;\\n\\t\\t\\t}&quot;' class='ingenious_services_column ingenious_module render_styles large icon_center circle cws_svg_icon '><div class='ingenious_services_data'><div class='ingenious_services_icon' style=' '><div class='icon'><div class='icon_shape '><svg viewBox='-1 0 68 67'><linearGradient gradientTransform='rotate(65)' id='shape-gradient'><stop offset='0%' stop-color='#fefefe'\/><stop offset='100%' stop-color='#f9f8f8'\/><\/linearGradient><defs><filter id='shape_69e0edbfce715'><feMerge><feMergeNode\/><feMergeNode in='SourceGraphic'\/><\/feMerge><\/filter><\/defs><path filter='url(#shape_69e0edbfce715)' d='M215,159.45A29.92,29.92,0,1,1,185,189.37,29.92,29.92,0,0,1,215,159.45Z' transform='translate(-183 -156.99)'\/><\/svg><\/div><\/div><\/div><h3 class='ingenious_services_title'>Invitanos a tu proyecto<\/h3><\/div><\/div>[\/vc_column][vc_column offset=&#8221;vc_col-lg-2 vc_col-md-2&#8243;][\/vc_column][\/vc_row][vc_row full_width=&#8221;stretch_row&#8221; bg_cws_repeat=&#8221;no-repeat&#8221; bg_cws_size=&#8221;cover&#8221; bg_image_position=&#8221;center_center&#8221; bg_cws_color=&#8221;color&#8221; cws_overlay_color=&#8221;&#8221; crop_row=&#8221;1&#8243; crop_right=&#8221;1&#8243; crop_right_color=&#8221;#f7f7f7&#8243; top_sep=&#8221;1&#8243; top_crop=&#8221;center_crop&#8221; ingenious_landscape_top_indent=&#8221;150&#8243; ingenious_portrait_top_indent=&#8221;100&#8243; ingenious_mobile_top_indent=&#8221;75&#8243; bot_sep=&#8221;1&#8243; bot_crop=&#8221;right_crop&#8221; bot_left_overlay=&#8221;1&#8243; bot_left_overlay_color=&#8221;rgba(89,171,102,0.3)&#8221; ingenious_default_bottom_indent=&#8221;150&#8243; ingenious_landscape_bottom_indent=&#8221;150&#8243; ingenious_portrait_bottom_indent=&#8221;100&#8243; ingenious_mobile_bottom_indent=&#8221;75&#8243; css=&#8221;.vc_custom_1521010284169{margin-top: -150px !important;background-image: url(https:\/\/ffautomation.com.mx\/wp-content\/uploads\/2017\/09\/bg_03-4.jpg?id=2288) !important;}&#8221; ingenious_default_top_indent=&#8221;150&#8243;][vc_column width=&#8221;1\/2&#8243; css=&#8221;.vc_custom_1506425623418{padding-right: 75px !important;}&#8221;][\/vc_column][vc_column width=&#8221;1\/2&#8243; css=&#8221;.vc_custom_1506581180746{padding-left: 40px !important;}&#8221;][vc_column_text]\n<p style=\"font-size: 60px; line-height: 0.8em; font-weight: 900;\">COMO CONTACTARNOS<\/p>\n<p>La mejor manera ser\u00e1 que nos envies un whatsapp o bien nos hagas una llamda telef\u00f3nica. Al igual puedes llenar la forma y nosotros nos comunicaremos contigo lo mas r\u00e1pido posible.[\/vc_column_text][vc_column_text]\n<p style=\"font-size: 36px; line-height: 1.2em; font-weight: 600;\">FFautomation<\/p>\n[\/vc_column_text][vc_row_inner][vc_column_inner width=&#8221;1\/2&#8243;]<div id='ingenious_services_column_69e0edbfcea73' data-style='&quot;#ingenious_services_column_69e0edbfcea73 .ingenious_services_icon .icon{\\n\\t\\t\\t\\tcolor: #ffffff;\\n\\t\\t\\t}\\n\\t\\t\\t#ingenious_services_column_69e0edbfcea73 .ingenious_services_icon .icon &gt; i &gt; svg,\\n\\t\\t\\t#ingenious_services_column_69e0edbfcea73 .ingenious_services_icon .icon &gt; a &gt; i &gt; svg{\\n\\t\\t\\t\\tfill: #ffffff;\\n\\t\\t\\t}#ingenious_services_column_69e0edbfcea73 .ingenious_services_icon .icon &gt; i &gt; svg,\\n\\t\\t#ingenious_services_column_69e0edbfcea73 .ingenious_services_icon .icon &gt; a &gt; i &gt; svg\\n\\t\\t{\\n\\t\\t\\twidth: 40px;\\n\\t\\t\\theight: 40px;\\n\\t\\t}#ingenious_services_column_69e0edbfcea73 .ingenious_services_title{\\n\\t\\t\\t\\tcolor: #59ab66;\\n\\t\\t\\t}#ingenious_services_column_69e0edbfcea73 .ingenious_services_icon .icon_shape &gt; svg{\\n\\t\\t\\t\\tfill: #59ab66;\\n\\t\\t\\t\\tstroke: #59ab66;\\n\\t\\t\\t}&quot;' class='ingenious_services_column ingenious_module render_styles small icon_left circle cws_svg_icon  without_stroke '><div class='ingenious_services_data'><div class='ingenious_services_icon' style=' '><div class='icon'><div class='icon_shape  shadow'><svg viewBox='-1 0 68 67'><linearGradient gradientTransform='rotate(65)' id='shape-gradient'><stop offset='0%' stop-color='#fefefe'\/><stop offset='100%' stop-color='#f9f8f8'\/><\/linearGradient><defs><filter id='shape_69e0edbfcea76'><feGaussianBlur in='SourceAlpha' stdDeviation='4'\/> <feOffset dx='2' dy='2'\/><feComponentTransfer><feFuncA type='gamma' amplitude='4' exponent='7' offset='0'\/><\/feComponentTransfer><feMerge><feMergeNode\/><feMergeNode in='SourceGraphic'\/><\/feMerge><\/filter><\/defs><path filter='url(#shape_69e0edbfcea76)' d='M215,159.45A29.92,29.92,0,1,1,185,189.37,29.92,29.92,0,0,1,215,159.45Z' transform='translate(-183 -156.99)'\/><\/svg><\/div><\/div><\/div><h3 class='ingenious_services_title'>Address<\/h3><div class='ingenious_services_desc clearfix'><p style=\"font-size: 17px; line-height: 1.4em;\">Paseo solares 300<\/p>\n<p style=\"font-size: 17px; line-height: 1.4em;\">Zapopan, Jalisco. M\u00e9xico<\/p>\n<\/div><\/div><\/div>[\/vc_column_inner][vc_column_inner width=&#8221;1\/2&#8243;]<div id='ingenious_services_column_69e0edbfced72' data-style='&quot;#ingenious_services_column_69e0edbfced72 .ingenious_services_icon .icon{\\n\\t\\t\\t\\tcolor: #ffffff;\\n\\t\\t\\t}\\n\\t\\t\\t#ingenious_services_column_69e0edbfced72 .ingenious_services_icon .icon &gt; i &gt; svg,\\n\\t\\t\\t#ingenious_services_column_69e0edbfced72 .ingenious_services_icon .icon &gt; a &gt; i &gt; svg{\\n\\t\\t\\t\\tfill: #ffffff;\\n\\t\\t\\t}#ingenious_services_column_69e0edbfced72 .ingenious_services_icon .icon &gt; i &gt; svg,\\n\\t\\t#ingenious_services_column_69e0edbfced72 .ingenious_services_icon .icon &gt; a &gt; i &gt; svg\\n\\t\\t{\\n\\t\\t\\twidth: 40px;\\n\\t\\t\\theight: 40px;\\n\\t\\t}#ingenious_services_column_69e0edbfced72 .ingenious_services_title{\\n\\t\\t\\t\\tcolor: #59ab66;\\n\\t\\t\\t}#ingenious_services_column_69e0edbfced72 .ingenious_services_icon .icon_shape &gt; svg{\\n\\t\\t\\t\\tfill: #59ab66;\\n\\t\\t\\t\\tstroke: #59ab66;\\n\\t\\t\\t}&quot;' class='ingenious_services_column ingenious_module render_styles small icon_left circle cws_svg_icon  without_stroke '><div class='ingenious_services_data'><div class='ingenious_services_icon' style=' '><div class='icon'><div class='icon_shape  shadow'><svg viewBox='-1 0 68 67'><linearGradient gradientTransform='rotate(65)' id='shape-gradient'><stop offset='0%' stop-color='#fefefe'\/><stop offset='100%' stop-color='#f9f8f8'\/><\/linearGradient><defs><filter id='shape_69e0edbfced74'><feGaussianBlur in='SourceAlpha' stdDeviation='4'\/> <feOffset dx='2' dy='2'\/><feComponentTransfer><feFuncA type='gamma' amplitude='4' exponent='7' offset='0'\/><\/feComponentTransfer><feMerge><feMergeNode\/><feMergeNode in='SourceGraphic'\/><\/feMerge><\/filter><\/defs><path filter='url(#shape_69e0edbfced74)' d='M215,159.45A29.92,29.92,0,1,1,185,189.37,29.92,29.92,0,0,1,215,159.45Z' transform='translate(-183 -156.99)'\/><\/svg><\/div><\/div><\/div><h3 class='ingenious_services_title'>Contact Details<\/h3><div class='ingenious_services_desc clearfix'><p style=\"font-size: 17px; line-height: 1.4em;\">+52 333-6767-104<\/p>\n<p style=\"font-size: 17px; line-height: 1.4em;\">tania@ffautomation.com.mx<\/p>\n<\/div><\/div><\/div>[\/vc_column_inner][\/vc_row_inner][\/vc_column][\/vc_row][vc_row full_width=&#8221;stretch_row&#8221; bg_cws_repeat=&#8221;no-repeat&#8221; bg_cws_size=&#8221;cover&#8221; bg_image_position=&#8221;center_center&#8221; bg_cws_color=&#8221;color&#8221; cws_overlay_color=&#8221;#5ca56b&#8221; crop_row=&#8221;1&#8243; top_sep=&#8221;1&#8243; top_crop=&#8221;center_crop&#8221; top_left_overlay=&#8221;1&#8243; top_left_overlay_color=&#8221;rgba(255,255,255,0.25)&#8221; top_right_overlay=&#8221;1&#8243; top_right_overlay_color=&#8221;rgba(255,255,255,0.25)&#8221; ingenious_landscape_top_indent=&#8221;150&#8243; ingenious_portrait_top_indent=&#8221;100&#8243; ingenious_mobile_top_indent=&#8221;75&#8243; css=&#8221;.vc_custom_1521010337360{margin-top: -150px !important;margin-bottom: -50px !important;}&#8221; ingenious_default_top_indent=&#8221;150&#8243;][vc_column width=&#8221;1\/2&#8243; css=&#8221;.vc_custom_1506579612001{padding-top: 100px !important;}&#8221;][\/vc_column][vc_column width=&#8221;1\/2&#8243; el_class=&#8221;contact_form_no_shadow&#8221; css=&#8221;.vc_custom_1507624213887{background-color: #ffffff !important;}&#8221;][vc_column_text]<div role=\"form\" class=\"wpcf7\" id=\"wpcf7-f2505-o1\" lang=\"en-US\" dir=\"ltr\">\n<div class=\"screen-reader-response\"><p role=\"status\" aria-live=\"polite\" aria-atomic=\"true\"><\/p> <ul><\/ul><\/div>\n<form action=\"\/index.php\/wp-json\/wp\/v2\/pages\/2054#wpcf7-f2505-o1\" method=\"post\" class=\"wpcf7-form init\" novalidate=\"novalidate\" data-status=\"init\">\n<div style=\"display: none;\">\n<input type=\"hidden\" name=\"_wpcf7\" value=\"2505\" \/>\n<input type=\"hidden\" name=\"_wpcf7_version\" value=\"5.6.3\" \/>\n<input type=\"hidden\" name=\"_wpcf7_locale\" value=\"en_US\" \/>\n<input type=\"hidden\" name=\"_wpcf7_unit_tag\" value=\"wpcf7-f2505-o1\" \/>\n<input type=\"hidden\" name=\"_wpcf7_container_post\" value=\"0\" \/>\n<input type=\"hidden\" name=\"_wpcf7_posted_data_hash\" value=\"\" \/>\n<input type=\"hidden\" name=\"_wpcf7_recaptcha_response\" value=\"\" \/>\n<\/div>\n<p><label> Your Name (required)<br \/>\n    <span class=\"wpcf7-form-control-wrap\" data-name=\"your-name\"><input type=\"text\" name=\"your-name\" value=\"\" size=\"40\" class=\"wpcf7-form-control wpcf7-text wpcf7-validates-as-required col_2\" aria-required=\"true\" aria-invalid=\"false\" \/><\/span> <\/label><\/p>\n<p><label> Email (required)<br \/>\n    <span class=\"wpcf7-form-control-wrap\" data-name=\"your-email\"><input type=\"email\" name=\"your-email\" value=\"\" size=\"40\" class=\"wpcf7-form-control wpcf7-text wpcf7-email wpcf7-validates-as-required wpcf7-validates-as-email col_2\" aria-required=\"true\" aria-invalid=\"false\" \/><\/span> <\/label><\/p>\n<p><label> Telefono(required)<br \/>\n<span class=\"wpcf7-form-control-wrap\" data-name=\"tel-474\"><input type=\"tel\" name=\"tel-474\" value=\"\" size=\"40\" class=\"wpcf7-form-control wpcf7-text wpcf7-tel wpcf7-validates-as-required wpcf7-validates-as-tel\" aria-required=\"true\" aria-invalid=\"false\" \/><\/span> <\/label><\/p>\n<p><label> Message<br \/>\n    <span class=\"wpcf7-form-control-wrap\" data-name=\"your-message\"><textarea name=\"your-message\" cols=\"40\" rows=\"5\" class=\"wpcf7-form-control wpcf7-textarea\" aria-invalid=\"false\"><\/textarea><\/span> <\/label><\/p>\n<p><input type=\"submit\" value=\"SEND REQUEST\" class=\"wpcf7-form-control has-spinner wpcf7-submit orange center\" \/><\/p>\n<div class=\"wpcf7-response-output\" aria-hidden=\"true\"><\/div><\/form><\/div>[\/vc_column_text][\/vc_column][\/vc_row]\n","protected":false},"excerpt":{"rendered":"<p>[vc_row full_width=&#8221;stretch_row_content&#8221; bg_cws_color=&#8221;color&#8221; cws_overlay_color=&#8221;#ffffff&#8221; crop_row=&#8221;1&#8243; top_sep=&#8221;1&#8243; top_crop=&#8221;center_crop&#8221; ingenious_landscape_top_indent=&#8221;100&#8243; ingenious_portrait_top_indent=&#8221;&#8221; ingenious_mobile_top_indent=&#8221;50&#8243; bot_sep=&#8221;1&#8243; bot_crop=&#8221;center_crop&#8221; ingenious_default_bottom_indent=&#8221;100&#8243; ingenious_landscape_bottom_indent=&#8221;100&#8243; ingenious_portrait_bottom_indent=&#8221;100&#8243; ingenious_mobile_bottom_indent=&#8221;50&#8243; css=&#8221;.vc_custom_1521010624826{margin-top: -150px !important;}&#8221; ingenious_default_top_indent=&#8221;100&#8243;][vc_column offset=&#8221;vc_col-lg-2 vc_col-md-2&#8243;][\/vc_column][vc_column width=&#8221;1\/4&#8243; offset=&#8221;vc_col-lg-2 vc_col-md-2&#8243;][\/vc_column][vc_column width=&#8221;1\/4&#8243; offset=&#8221;vc_col-lg-2 vc_col-md-2&#8243;][\/vc_column][vc_column width=&#8221;1\/4&#8243; offset=&#8221;vc_col-lg-2 vc_col-md-2&#8243;][\/vc_column][vc_column width=&#8221;1\/4&#8243; offset=&#8221;vc_col-lg-2 vc_col-md-2&#8243;][\/vc_column][vc_column offset=&#8221;vc_col-lg-2 vc_col-md-2&#8243;][\/vc_column][\/vc_row][vc_row full_width=&#8221;stretch_row&#8221; bg_cws_repeat=&#8221;no-repeat&#8221; bg_cws_size=&#8221;cover&#8221; bg_image_position=&#8221;center_center&#8221; bg_cws_color=&#8221;color&#8221; cws_overlay_color=&#8221;&#8221; crop_row=&#8221;1&#8243; crop_right=&#8221;1&#8243; crop_right_color=&#8221;#f7f7f7&#8243; top_sep=&#8221;1&#8243; top_crop=&#8221;center_crop&#8221; ingenious_landscape_top_indent=&#8221;150&#8243; ingenious_portrait_top_indent=&#8221;100&#8243; ingenious_mobile_top_indent=&#8221;75&#8243; bot_sep=&#8221;1&#8243; bot_crop=&#8221;right_crop&#8221; bot_left_overlay=&#8221;1&#8243; bot_left_overlay_color=&#8221;rgba(89,171,102,0.3)&#8221; ingenious_default_bottom_indent=&#8221;150&#8243; [&hellip;]<\/p>\n","protected":false},"author":1,"featured_media":0,"parent":0,"menu_order":0,"comment_status":"closed","ping_status":"closed","template":"","meta":{"footnotes":""},"class_list":["post-2054","page","type-page","status-publish","hentry"],"_links":{"self":[{"href":"https:\/\/ffautomation.com.mx\/index.php\/wp-json\/wp\/v2\/pages\/2054","targetHints":{"allow":["GET"]}}],"collection":[{"href":"https:\/\/ffautomation.com.mx\/index.php\/wp-json\/wp\/v2\/pages"}],"about":[{"href":"https:\/\/ffautomation.com.mx\/index.php\/wp-json\/wp\/v2\/types\/page"}],"author":[{"embeddable":true,"href":"https:\/\/ffautomation.com.mx\/index.php\/wp-json\/wp\/v2\/users\/1"}],"replies":[{"embeddable":true,"href":"https:\/\/ffautomation.com.mx\/index.php\/wp-json\/wp\/v2\/comments?post=2054"}],"version-history":[{"count":1,"href":"https:\/\/ffautomation.com.mx\/index.php\/wp-json\/wp\/v2\/pages\/2054\/revisions"}],"predecessor-version":[{"id":4501,"href":"https:\/\/ffautomation.com.mx\/index.php\/wp-json\/wp\/v2\/pages\/2054\/revisions\/4501"}],"wp:attachment":[{"href":"https:\/\/ffautomation.com.mx\/index.php\/wp-json\/wp\/v2\/media?parent=2054"}],"curies":[{"name":"wp","href":"https:\/\/api.w.org\/{rel}","templated":true}]}}