{"id":1073,"date":"2017-09-19T11:47:29","date_gmt":"2017-09-19T11:47:29","guid":{"rendered":"https:\/\/ffautomation.com.mx\/index.php\/about-us\/"},"modified":"2022-09-08T13:25:57","modified_gmt":"2022-09-08T18:25:57","slug":"about-us","status":"publish","type":"page","link":"https:\/\/ffautomation.com.mx\/index.php\/about-us\/","title":{"rendered":"Quienes somos"},"content":{"rendered":"[vc_row full_width=&#8221;stretch_row&#8221; bg_cws_repeat=&#8221;no-repeat&#8221; bg_cws_size=&#8221;cover&#8221; bg_image_position=&#8221;center_center&#8221; over_section=&#8221;1&#8243; crop_row=&#8221;1&#8243; top_sep=&#8221;1&#8243; top_crop=&#8221;center_crop&#8221; ingenious_landscape_top_indent=&#8221;150&#8243; ingenious_portrait_top_indent=&#8221;100&#8243; ingenious_mobile_top_indent=&#8221;75&#8243; bot_sep=&#8221;1&#8243; bot_left_overlay=&#8221;1&#8243; bot_left_overlay_color=&#8221;rgba(255,255,255,0.5)&#8221; bot_right_overlay=&#8221;1&#8243; bot_right_overlay_color=&#8221;rgba(115,181,134,0.5)&#8221; ingenious_default_bottom_indent=&#8221;200&#8243; ingenious_landscape_bottom_indent=&#8221;200&#8243; ingenious_portrait_bottom_indent=&#8221;150&#8243; ingenious_mobile_bottom_indent=&#8221;75&#8243; css=&#8221;.vc_custom_1520936204810{margin-top: -140px !important;background-image: url(https:\/\/ffautomation.com.mx\/wp-content\/uploads\/2017\/09\/bg_01-2.jpg?id=2220) !important;}&#8221; ingenious_default_top_indent=&#8221;150&#8243;][vc_column width=&#8221;1\/2&#8243;][vc_column_text css_animation=&#8221;bounceIn&#8221;]\n<h3 class=\"widgettitle\" style=\"font-size: 60px; line-height: 0.8em; font-weight: 900;\">NOSOTROS<\/h3>\n<p><strong style=\"font-size: 22px; line-height: 1.4em;\">FF automation es una empresa innovadora formada por un equipo de profesionales.<\/strong><\/p>\n<p>Con nuestra experiencia y trabajando en conjunto podemos ofrecer a nuestros clientes un sistema de automatizaci\u00f3n personalizado y adaptado a sus necesidades.<\/p>\n<p>Hemos realizado diversos proyectos y hemos sabido satisfacer las demandas de nuestros clientes.[\/vc_column_text][\/vc_column][vc_column width=&#8221;1\/2&#8243;][\/vc_column][\/vc_row][vc_row full_width=&#8221;stretch_row&#8221; bg_cws_repeat=&#8221;no-repeat&#8221; bg_cws_size=&#8221;cover&#8221; bg_image_position=&#8221;center_center&#8221; bg_cws_color=&#8221;color&#8221; cws_overlay_color=&#8221;rgba(83,151,96,0.6)&#8221; crop_row=&#8221;1&#8243; crop_right=&#8221;1&#8243; crop_right_bg=&#8221;gradient&#8221; crop_right_gradient_from=&#8221;#53986b&#8221; crop_right_gradient_to=&#8221;#4ab669&#8243; bot_sep=&#8221;1&#8243; bot_crop=&#8221;right_crop&#8221; bot_left_overlay=&#8221;1&#8243; bot_left_overlay_color=&#8221;rgba(255,255,255,0.2)&#8221; ingenious_default_bottom_indent=&#8221;150&#8243; ingenious_landscape_bottom_indent=&#8221;150&#8243; ingenious_portrait_bottom_indent=&#8221;100&#8243; ingenious_mobile_bottom_indent=&#8221;100&#8243; css=&#8221;.vc_custom_1520948669483{margin-top: -150px !important;background-image: url(https:\/\/ffautomation.com.mx\/wp-content\/uploads\/2017\/09\/bg-about-us.jpg?id=3923) !important;}&#8221;][vc_column width=&#8221;1\/2&#8243;][\/vc_column][vc_column width=&#8221;1\/2&#8243; css=&#8221;.vc_custom_1509963764184{padding-left: 10% !important;}&#8221;]<div class=\"cws_spacing custom_spacing\"><div class=\"cws_spacing cws_spacing_default\" style=\"height:150px;\"><\/div> <div class=\"cws_spacing cws_spacing_size_sm_desctop\" style=\"height:150px;\"><\/div> <div class=\"cws_spacing cws_spacing_tablet\" style=\"height:100px;\"><\/div> <div class=\"cws_spacing cws_spacing_mobile\" style=\"height:75px;\"><\/div><\/div>[vc_column_text]\n<h3 class=\"widgettitle\" style=\"margin-top: 20px; font-size: 60px; line-height: 0.8em; font-weight: 900;\"><span style=\"color: #ffffff;\"><\/span><\/h3>\n<p><span style=\"color: #ffffff;\">Nuestro equipo estudia de forma detallada cada caso y le asesoramos para conseguir el mejor plan para sus necesidades. Contamos con p\u00f3lizas mensuales para dar mantenimiento, soporte o realizar modificaciones necesarias.<br \/>\n<\/span>[\/vc_column_text][vc_row_inner][vc_column_inner width=&#8221;1\/3&#8243; offset=&#8221;vc_col-lg-3 vc_col-md-3&#8243;]<div data-style='&quot;#ingenious_icon_69e0e98d334c3 .icon_shape svg{\\n\\t\\t\\tfill: #fff;\\n\\t\\t\\tstroke: #ffffff;\\n\\t\\t}#ingenious_icon_69e0e98d334c3{\\n\\t\\t\\tcolor: #000000;\\n\\t\\t}#ingenious_icon_69e0e98d334c3 i.svg{\\n\\t\\t\\tstroke: #000000;\\n\\t\\t\\tfill: #000000;\\n\\t\\t}&quot;' class='ingenious_icon_wrapper render_styles icon-align-center'><a href='#' id='ingenious_icon_69e0e98d334c3' class='ingenious_icon  large circle cws_svg'><div class='icon_shape '><svg viewBox='-1 0 68 67'><linearGradient gradientTransform='rotate(65)' id='shape-gradient'><stop offset='0%' stop-color='#fefefe'\/><stop offset='100%' stop-color='#f9f8f8'\/><\/linearGradient><defs><filter id='shape_69e0e98d33505'><feMerge><feMergeNode\/><feMergeNode in='SourceGraphic'\/><\/feMerge><\/filter><\/defs><path filter='url(#shape_69e0e98d33505)' d='M215,159.45A29.92,29.92,0,1,1,185,189.37,29.92,29.92,0,0,1,215,159.45Z' transform='translate(-183 -156.99)'\/><\/svg><\/div><\/a><span class='icon_title'><\/span><\/div>[\/vc_column_inner][vc_column_inner width=&#8221;1\/3&#8243; offset=&#8221;vc_col-lg-3 vc_col-md-3&#8243;]<div data-style='&quot;#ingenious_icon_69e0e98d3359d .icon_shape svg{\\n\\t\\t\\tfill: #fff;\\n\\t\\t\\tstroke: #ffffff;\\n\\t\\t}#ingenious_icon_69e0e98d3359d{\\n\\t\\t\\tcolor: #000000;\\n\\t\\t}#ingenious_icon_69e0e98d3359d i.svg{\\n\\t\\t\\tstroke: #000000;\\n\\t\\t\\tfill: #000000;\\n\\t\\t}&quot;' class='ingenious_icon_wrapper render_styles icon-align-center'><a href='#' id='ingenious_icon_69e0e98d3359d' class='ingenious_icon  large circle cws_svg'><div class='icon_shape '><svg viewBox='-1 0 68 67'><linearGradient gradientTransform='rotate(65)' id='shape-gradient'><stop offset='0%' stop-color='#fefefe'\/><stop offset='100%' stop-color='#f9f8f8'\/><\/linearGradient><defs><filter id='shape_69e0e98d335ba'><feMerge><feMergeNode\/><feMergeNode in='SourceGraphic'\/><\/feMerge><\/filter><\/defs><path filter='url(#shape_69e0e98d335ba)' d='M215,159.45A29.92,29.92,0,1,1,185,189.37,29.92,29.92,0,0,1,215,159.45Z' transform='translate(-183 -156.99)'\/><\/svg><\/div><\/a><span class='icon_title'><\/span><\/div>[\/vc_column_inner][vc_column_inner width=&#8221;1\/3&#8243; offset=&#8221;vc_col-lg-3 vc_col-md-3&#8243;]<div data-style='&quot;#ingenious_icon_69e0e98d33617 .icon_shape svg{\\n\\t\\t\\tfill: #fff;\\n\\t\\t\\tstroke: #ffffff;\\n\\t\\t}#ingenious_icon_69e0e98d33617{\\n\\t\\t\\tcolor: #000000;\\n\\t\\t}#ingenious_icon_69e0e98d33617 i.svg{\\n\\t\\t\\tstroke: #000000;\\n\\t\\t\\tfill: #000000;\\n\\t\\t}&quot;' class='ingenious_icon_wrapper render_styles icon-align-center'><a href='#' id='ingenious_icon_69e0e98d33617' class='ingenious_icon  large circle cws_svg'><div class='icon_shape '><svg viewBox='-1 0 68 67'><linearGradient gradientTransform='rotate(65)' id='shape-gradient'><stop offset='0%' stop-color='#fefefe'\/><stop offset='100%' stop-color='#f9f8f8'\/><\/linearGradient><defs><filter id='shape_69e0e98d33631'><feMerge><feMergeNode\/><feMergeNode in='SourceGraphic'\/><\/feMerge><\/filter><\/defs><path filter='url(#shape_69e0e98d33631)' d='M215,159.45A29.92,29.92,0,1,1,185,189.37,29.92,29.92,0,0,1,215,159.45Z' transform='translate(-183 -156.99)'\/><\/svg><\/div><\/a><span class='icon_title'><\/span><\/div>[\/vc_column_inner][vc_column_inner offset=&#8221;vc_col-lg-3 vc_col-md-3&#8243;][\/vc_column_inner][\/vc_row_inner][vc_row_inner][vc_column_inner][\/vc_column_inner][\/vc_row_inner][\/vc_column][\/vc_row][vc_row css=&#8221;.vc_custom_1520948846743{margin-top: -150px !important;}&#8221;][vc_column]<div class=\"cws_spacing custom_spacing\"><div class=\"cws_spacing cws_spacing_default\" style=\"height:150px;\"><\/div> <div class=\"cws_spacing cws_spacing_size_sm_desctop\" style=\"height:150px;\"><\/div> <div class=\"cws_spacing cws_spacing_tablet\" style=\"height:100px;\"><\/div> <div class=\"cws_spacing cws_spacing_mobile\" style=\"height:100px;\"><\/div><\/div>[vc_column_text]\n<h3 class=\"widgettitle\" style=\"font-size: 60px; line-height: 0.8em; font-weight: 900; text-align: center;\">NUESTRA MISION<\/h3>\n<p>Desarrollar programaciones espacielizadas para cada caso y as\u00ed lograr un resultado confortable que cumpla con las expectativas m\u00e1s espec\u00edficas de nuestros clientes.[\/vc_column_text][vc_row_inner][vc_column_inner width=&#8221;1\/4&#8243;]<div id='ingenious_services_column_69e0e98d338f6' data-style='&quot;#ingenious_services_column_69e0e98d338f6 .ingenious_services_icon .icon &gt; i &gt; svg,\\n\\t\\t#ingenious_services_column_69e0e98d338f6 .ingenious_services_icon .icon &gt; a &gt; i &gt; svg\\n\\t\\t{\\n\\t\\t\\twidth: 120px;\\n\\t\\t\\theight: 120px;\\n\\t\\t}&quot;' class='ingenious_services_column ingenious_module render_styles extra_large icon_center circle cws_svg_icon '><div class='ingenious_services_data'><div class='ingenious_services_icon' style=' '><div class='icon'><div class='icon_shape '><svg viewBox='-1 0 68 67'><linearGradient gradientTransform='rotate(65)' id='shape-gradient'><stop offset='0%' stop-color='#fefefe'\/><stop offset='100%' stop-color='#f9f8f8'\/><\/linearGradient><defs><filter id='shape_69e0e98d338f9'><feMerge><feMergeNode\/><feMergeNode in='SourceGraphic'\/><\/feMerge><\/filter><\/defs><path filter='url(#shape_69e0e98d338f9)' d='M215,159.45A29.92,29.92,0,1,1,185,189.37,29.92,29.92,0,0,1,215,159.45Z' transform='translate(-183 -156.99)'\/><\/svg><\/div><\/div><\/div><h3 class='ingenious_services_title'>Transformamos tu realidad con base a tu comodidad<\/h3><div class='ingenious_services_desc clearfix'><p style=\"text-align: center;\"><span style=\"font-weight: 400;\">Disfrutamos crear espacios de lujo y confortables, para que t\u00fa y tu familia disfruten de ellos.<\/span><\/p>\n<\/div><\/div><\/div>[\/vc_column_inner][vc_column_inner width=&#8221;1\/4&#8243;]<div id='ingenious_services_column_69e0e98d33ad5' data-style='&quot;#ingenious_services_column_69e0e98d33ad5 .ingenious_services_icon .icon &gt; i &gt; svg,\\n\\t\\t#ingenious_services_column_69e0e98d33ad5 .ingenious_services_icon .icon &gt; a &gt; i &gt; svg\\n\\t\\t{\\n\\t\\t\\twidth: 120px;\\n\\t\\t\\theight: 120px;\\n\\t\\t}&quot;' class='ingenious_services_column ingenious_module render_styles extra_large icon_center circle cws_svg_icon '><div class='ingenious_services_data'><div class='ingenious_services_icon' style=' '><div class='icon'><div class='icon_shape '><svg viewBox='-1 0 68 67'><linearGradient gradientTransform='rotate(65)' id='shape-gradient'><stop offset='0%' stop-color='#fefefe'\/><stop offset='100%' stop-color='#f9f8f8'\/><\/linearGradient><defs><filter id='shape_69e0e98d33ad6'><feMerge><feMergeNode\/><feMergeNode in='SourceGraphic'\/><\/feMerge><\/filter><\/defs><path filter='url(#shape_69e0e98d33ad6)' d='M215,159.45A29.92,29.92,0,1,1,185,189.37,29.92,29.92,0,0,1,215,159.45Z' transform='translate(-183 -156.99)'\/><\/svg><\/div><\/div><\/div><h3 class='ingenious_services_title'>Visi\u00f3n innovadora<\/h3><div class='ingenious_services_desc clearfix'><p style=\"text-align: center;\"><span style=\"font-weight: 400;\">La creatividad nos caracteriza, logramos tener una visi\u00f3n clara de nuestras metas y cumplimos con los objetivos.<\/span><\/p>\n<\/div><\/div><\/div>[\/vc_column_inner][vc_column_inner width=&#8221;1\/4&#8243;]<div id='ingenious_services_column_69e0e98d33c59' data-style='&quot;#ingenious_services_column_69e0e98d33c59 .ingenious_services_icon .icon &gt; i &gt; svg,\\n\\t\\t#ingenious_services_column_69e0e98d33c59 .ingenious_services_icon .icon &gt; a &gt; i &gt; svg\\n\\t\\t{\\n\\t\\t\\twidth: 120px;\\n\\t\\t\\theight: 120px;\\n\\t\\t}&quot;' class='ingenious_services_column ingenious_module render_styles extra_large icon_center circle cws_svg_icon '><div class='ingenious_services_data'><div class='ingenious_services_icon' style=' '><div class='icon'><div class='icon_shape '><svg viewBox='-1 0 68 67'><linearGradient gradientTransform='rotate(65)' id='shape-gradient'><stop offset='0%' stop-color='#fefefe'\/><stop offset='100%' stop-color='#f9f8f8'\/><\/linearGradient><defs><filter id='shape_69e0e98d33c5a'><feMerge><feMergeNode\/><feMergeNode in='SourceGraphic'\/><\/feMerge><\/filter><\/defs><path filter='url(#shape_69e0e98d33c5a)' d='M215,159.45A29.92,29.92,0,1,1,185,189.37,29.92,29.92,0,0,1,215,159.45Z' transform='translate(-183 -156.99)'\/><\/svg><\/div><\/div><\/div><h3 class='ingenious_services_title'>Automatizaci\u00f3n personalizada<\/h3><div class='ingenious_services_desc clearfix'><p style=\"text-align: center;\"><span style=\"font-weight: 400;\">Estudiamos a profundidad tus necesidades, para as\u00ed de esta manera lograr complacerlas.<\/span><\/p>\n<\/div><\/div><\/div>[\/vc_column_inner][vc_column_inner width=&#8221;1\/4&#8243;]<div id='ingenious_services_column_69e0e98d33dd5' data-style='&quot;#ingenious_services_column_69e0e98d33dd5 .ingenious_services_icon .icon &gt; i &gt; svg,\\n\\t\\t#ingenious_services_column_69e0e98d33dd5 .ingenious_services_icon .icon &gt; a &gt; i &gt; svg\\n\\t\\t{\\n\\t\\t\\twidth: 120px;\\n\\t\\t\\theight: 120px;\\n\\t\\t}&quot;' class='ingenious_services_column ingenious_module render_styles extra_large icon_center circle cws_svg_icon '><div class='ingenious_services_data'><div class='ingenious_services_icon' style=' '><div class='icon'><div class='icon_shape '><svg viewBox='-1 0 68 67'><linearGradient gradientTransform='rotate(65)' id='shape-gradient'><stop offset='0%' stop-color='#fefefe'\/><stop offset='100%' stop-color='#f9f8f8'\/><\/linearGradient><defs><filter id='shape_69e0e98d33dd7'><feMerge><feMergeNode\/><feMergeNode in='SourceGraphic'\/><\/feMerge><\/filter><\/defs><path filter='url(#shape_69e0e98d33dd7)' d='M215,159.45A29.92,29.92,0,1,1,185,189.37,29.92,29.92,0,0,1,215,159.45Z' transform='translate(-183 -156.99)'\/><\/svg><\/div><\/div><\/div><h3 class='ingenious_services_title'>Formaci\u00f3n y capacitaci\u00f3n<\/h3><div class='ingenious_services_desc clearfix'><p style=\"text-align: center;\"><span style=\"font-weight: 400;\">Nuestro equipo est\u00e1 en constante formaci\u00f3n, capacitaci\u00f3n y actualizaci\u00f3n, para siempre trabajar con t\u00e9cnicas nuevas y estar a la vanguardia.<\/span><\/p>\n<\/div><\/div><\/div>[\/vc_column_inner][\/vc_row_inner]<div class=\"cws_spacing custom_spacing\"><div class=\"cws_spacing cws_spacing_default\" style=\"height:150px;\"><\/div> <div class=\"cws_spacing cws_spacing_size_sm_desctop\" style=\"height:150px;\"><\/div> <div class=\"cws_spacing cws_spacing_tablet\" style=\"height:100px;\"><\/div> <div class=\"cws_spacing cws_spacing_mobile\" style=\"height:75px;\"><\/div><\/div>[\/vc_column][\/vc_row][vc_row full_width=&#8221;stretch_row&#8221; bg_cws_repeat=&#8221;no-repeat&#8221; bg_cws_size=&#8221;cover&#8221; bg_image_position=&#8221;center_center&#8221; bg_cws_color=&#8221;color&#8221; cws_overlay_color=&#8221;rgba(89,171,102,0.4)&#8221; crop_row=&#8221;1&#8243; crop_right=&#8221;1&#8243; crop_right_bg=&#8221;gradient&#8221; crop_right_gradient_from=&#8221;#53986b&#8221; crop_right_gradient_to=&#8221;#4ab669&#8243; top_sep=&#8221;1&#8243; top_crop=&#8221;right_crop&#8221; ingenious_landscape_top_indent=&#8221;150&#8243; ingenious_portrait_top_indent=&#8221;100&#8243; bot_sep=&#8221;1&#8243; bot_crop=&#8221;right_crop&#8221; bot_left_overlay=&#8221;1&#8243; bot_left_overlay_color=&#8221;rgba(255,255,255,0.5)&#8221; bot_right_overlay=&#8221;1&#8243; bot_right_overlay_color=&#8221;rgba(237,244,239,0.79)&#8221; ingenious_default_bottom_indent=&#8221;150&#8243; ingenious_landscape_bottom_indent=&#8221;150&#8243; ingenious_portrait_bottom_indent=&#8221;100&#8243; ingenious_mobile_bottom_indent=&#8221;75&#8243; css=&#8221;.vc_custom_1520949753944{margin-top: -150px !important;background-image: url(https:\/\/ffautomation.com.mx\/wp-content\/uploads\/2017\/11\/bg-2-about-us.jpg?id=3926) !important;}&#8221; ingenious_default_top_indent=&#8221;150&#8243;][vc_column width=&#8221;1\/2&#8243;][\/vc_column][vc_column width=&#8221;1\/2&#8243; css=&#8221;.vc_custom_1509963772370{padding-left: 10% !important;}&#8221;][vc_column_text]\n<h3 class=\"widgettitle\" style=\"margin-bottom: 0px; font-size: 60px; line-height: 0.8em; font-weight: 900;\"><span style=\"color: #ffffff;\">LA PASI\u00d3N<\/span><\/h3>\n<h3 class=\"widgettitle\" style=\"margin-top: 20px; font-size: 60px; line-height: 0.8em; font-weight: 900;\"><span style=\"color: #ffffff;\">NOS MUEVE<\/span><\/h3>\n<p><span style=\"color: #ffffff;\">Los colaboradores de FF automation son personas apasionadas por la tecnolog\u00eda y el servicio al cliente. Disfrutan realizar cada una de las actividades, para as\u00ed lograr el resultado final.<br \/>\nNos mueve la inspiraci\u00f3n, y nos inspira tu satisfacci\u00f3n.<br \/>\n<\/span>[\/vc_column_text][vc_row_inner][vc_column_inner width=&#8221;1\/2&#8243;][\/vc_column_inner][vc_column_inner width=&#8221;1\/2&#8243;][\/vc_column_inner][\/vc_row_inner][vc_row_inner][vc_column_inner][\/vc_column_inner][\/vc_row_inner][\/vc_column][\/vc_row][vc_row full_width=&#8221;stretch_row&#8221; crop_row=&#8221;1&#8243; bot_sep=&#8221;1&#8243; bot_left_overlay=&#8221;1&#8243; bot_left_overlay_color=&#8221;#ddeadf&#8221; ingenious_default_bottom_indent=&#8221;150&#8243; ingenious_landscape_bottom_indent=&#8221;150&#8243; ingenious_portrait_bottom_indent=&#8221;100&#8243; ingenious_mobile_bottom_indent=&#8221;75&#8243;][vc_column][\/vc_column][\/vc_row][vc_row full_width=&#8221;stretch_row_content&#8221; bg_cws_repeat=&#8221;no-repeat&#8221; bg_cws_size=&#8221;cover&#8221; bg_image_position=&#8221;center_center&#8221; bg_cws_color=&#8221;color&#8221; cws_overlay_color=&#8221;#539760&#8243; crop_row=&#8221;1&#8243; top_sep=&#8221;1&#8243; ingenious_landscape_top_indent=&#8221;150&#8243; ingenious_portrait_top_indent=&#8221;150&#8243; ingenious_mobile_top_indent=&#8221;100&#8243; bot_sep=&#8221;1&#8243; bot_crop=&#8221;right_crop&#8221; bot_left_overlay=&#8221;1&#8243; bot_left_overlay_color=&#8221;rgba(115,169,125,0.85)&#8221; ingenious_default_bottom_indent=&#8221;150&#8243; ingenious_landscape_bottom_indent=&#8221;150&#8243; ingenious_portrait_bottom_indent=&#8221;100&#8243; ingenious_mobile_bottom_indent=&#8221;75&#8243; css=&#8221;.vc_custom_1520950918136{margin-top: -150px !important;}&#8221; ingenious_default_top_indent=&#8221;150&#8243;][vc_column][\/vc_column][\/vc_row][vc_row full_width=&#8221;stretch_row_content&#8221; crop_row=&#8221;1&#8243; top_sep=&#8221;1&#8243; top_right_overlay=&#8221;1&#8243; top_right_overlay_color=&#8221;#e3ebe4&#8243; ingenious_landscape_top_indent=&#8221;150&#8243; ingenious_portrait_top_indent=&#8221;150&#8243; ingenious_mobile_top_indent=&#8221;120&#8243; css=&#8221;.vc_custom_1520952026144{margin-top: -150px !important;}&#8221; ingenious_default_top_indent=&#8221;150&#8243;][vc_column][vc_column_text]\n<h3 class=\"widgettitle\" style=\"font-size: 60px; line-height: 0.8em; font-weight: 900; text-align: center;\">EL EQUIPO<\/h3>\n<p style=\"text-align: center; margin-bottom: 0px;\">La resoluci\u00f3n de conflictos nos caracteriza como equipo, el dinamismo y la innovaci\u00f3n nos hacen estar a la vanguardia.<\/p>\n<p style=\"text-align: center; margin-top: 0px;\">Somos un equipo proactivo dispuesto siempre a crear las mejores soluciones.<\/p>\n[\/vc_column_text][vc_row_inner css=&#8221;.vc_custom_1505885686913{margin-top: -50px !important;}&#8221;][vc_column_inner width=&#8221;1\/3&#8243;][\/vc_column_inner][vc_column_inner width=&#8221;1\/3&#8243;][\/vc_column_inner][vc_column_inner width=&#8221;1\/3&#8243;][\/vc_column_inner][\/vc_row_inner]<div class=\"cws_spacing custom_spacing\"><div class=\"cws_spacing cws_spacing_default\" style=\"height:100px;\"><\/div> <div class=\"cws_spacing cws_spacing_size_sm_desctop\" style=\"height:100px;\"><\/div> <div class=\"cws_spacing cws_spacing_tablet\" style=\"height:75px;\"><\/div> <div class=\"cws_spacing cws_spacing_mobile\" style=\"height:50px;\"><\/div><\/div>[\/vc_column][\/vc_row][vc_row full_width=&#8221;stretch_row&#8221; bg_cws_color=&#8221;color&#8221; cws_overlay_color=&#8221;#539760&#8243; css=&#8221;.vc_custom_1520949324066{margin-bottom: -40px !important;}&#8221;][vc_column width=&#8221;1\/4&#8243;]<div class=\"cws_spacing custom_spacing\"><div class=\"cws_spacing cws_spacing_default\" style=\"height:70px;\"><\/div> <div class=\"cws_spacing cws_spacing_size_sm_desctop\" style=\"height:70px;\"><\/div> <div class=\"cws_spacing cws_spacing_tablet\" style=\"height:70px;\"><\/div> <div class=\"cws_spacing cws_spacing_mobile\" style=\"height:40px;\"><\/div><\/div>[vc_single_image image=&#8221;1064&#8243; img_size=&#8221;83*107&#8243; alignment=&#8221;center&#8221;][\/vc_column][vc_column width=&#8221;1\/4&#8243;]<div class=\"cws_spacing custom_spacing\"><div class=\"cws_spacing cws_spacing_default\" style=\"height:70px;\"><\/div> <div class=\"cws_spacing cws_spacing_size_sm_desctop\" style=\"height:70px;\"><\/div> <div class=\"cws_spacing cws_spacing_tablet\" style=\"height:70px;\"><\/div> <div class=\"cws_spacing cws_spacing_mobile\" style=\"height:40px;\"><\/div><\/div>[vc_single_image image=&#8221;1060&#8243; img_size=&#8221;120*101&#8243; alignment=&#8221;center&#8221;]<div class=\"cws_spacing custom_spacing\"><div class=\"cws_spacing cws_spacing_default\" style=\"height:0px;\"><\/div> <div class=\"cws_spacing cws_spacing_size_sm_desctop\" style=\"height:0px;\"><\/div> <div class=\"cws_spacing cws_spacing_tablet\" style=\"height:20px;\"><\/div> <div class=\"cws_spacing cws_spacing_mobile\" style=\"height:0px;\"><\/div><\/div>[\/vc_column][vc_column width=&#8221;1\/4&#8243;]<div class=\"cws_spacing custom_spacing\"><div class=\"cws_spacing cws_spacing_default\" style=\"height:70px;\"><\/div> <div class=\"cws_spacing cws_spacing_size_sm_desctop\" style=\"height:70px;\"><\/div> <div class=\"cws_spacing cws_spacing_tablet\" style=\"height:70px;\"><\/div> <div class=\"cws_spacing cws_spacing_mobile\" style=\"height:40px;\"><\/div><\/div>[vc_single_image image=&#8221;1066&#8243; img_size=&#8221;100*103&#8243; alignment=&#8221;center&#8221;][\/vc_column][vc_column width=&#8221;1\/4&#8243;]<div class=\"cws_spacing custom_spacing\"><div class=\"cws_spacing cws_spacing_default\" style=\"height:70px;\"><\/div> <div class=\"cws_spacing cws_spacing_size_sm_desctop\" style=\"height:70px;\"><\/div> <div class=\"cws_spacing cws_spacing_tablet\" style=\"height:70px;\"><\/div> <div class=\"cws_spacing cws_spacing_mobile\" style=\"height:40px;\"><\/div><\/div>[vc_single_image image=&#8221;1064&#8243; img_size=&#8221;83*107&#8243; alignment=&#8221;center&#8221;][\/vc_column][\/vc_row]\n","protected":false},"excerpt":{"rendered":"<p>[vc_row full_width=&#8221;stretch_row&#8221; bg_cws_repeat=&#8221;no-repeat&#8221; bg_cws_size=&#8221;cover&#8221; bg_image_position=&#8221;center_center&#8221; over_section=&#8221;1&#8243; crop_row=&#8221;1&#8243; top_sep=&#8221;1&#8243; top_crop=&#8221;center_crop&#8221; ingenious_landscape_top_indent=&#8221;150&#8243; ingenious_portrait_top_indent=&#8221;100&#8243; ingenious_mobile_top_indent=&#8221;75&#8243; bot_sep=&#8221;1&#8243; bot_left_overlay=&#8221;1&#8243; bot_left_overlay_color=&#8221;rgba(255,255,255,0.5)&#8221; bot_right_overlay=&#8221;1&#8243; bot_right_overlay_color=&#8221;rgba(115,181,134,0.5)&#8221; ingenious_default_bottom_indent=&#8221;200&#8243; ingenious_landscape_bottom_indent=&#8221;200&#8243; ingenious_portrait_bottom_indent=&#8221;150&#8243; ingenious_mobile_bottom_indent=&#8221;75&#8243; css=&#8221;.vc_custom_1520936204810{margin-top: -140px !important;background-image: url(https:\/\/ffautomation.com.mx\/wp-content\/uploads\/2017\/09\/bg_01-2.jpg?id=2220) !important;}&#8221; ingenious_default_top_indent=&#8221;150&#8243;][vc_column width=&#8221;1\/2&#8243;][vc_column_text css_animation=&#8221;bounceIn&#8221;] NOSOTROS FF automation es una empresa innovadora formada por un equipo de profesionales. Con nuestra experiencia y trabajando en conjunto podemos ofrecer a nuestros clientes un [&hellip;]<\/p>\n","protected":false},"author":1,"featured_media":0,"parent":0,"menu_order":0,"comment_status":"closed","ping_status":"closed","template":"","meta":{"footnotes":""},"class_list":["post-1073","page","type-page","status-publish","hentry"],"_links":{"self":[{"href":"https:\/\/ffautomation.com.mx\/index.php\/wp-json\/wp\/v2\/pages\/1073","targetHints":{"allow":["GET"]}}],"collection":[{"href":"https:\/\/ffautomation.com.mx\/index.php\/wp-json\/wp\/v2\/pages"}],"about":[{"href":"https:\/\/ffautomation.com.mx\/index.php\/wp-json\/wp\/v2\/types\/page"}],"author":[{"embeddable":true,"href":"https:\/\/ffautomation.com.mx\/index.php\/wp-json\/wp\/v2\/users\/1"}],"replies":[{"embeddable":true,"href":"https:\/\/ffautomation.com.mx\/index.php\/wp-json\/wp\/v2\/comments?post=1073"}],"version-history":[{"count":9,"href":"https:\/\/ffautomation.com.mx\/index.php\/wp-json\/wp\/v2\/pages\/1073\/revisions"}],"predecessor-version":[{"id":4545,"href":"https:\/\/ffautomation.com.mx\/index.php\/wp-json\/wp\/v2\/pages\/1073\/revisions\/4545"}],"wp:attachment":[{"href":"https:\/\/ffautomation.com.mx\/index.php\/wp-json\/wp\/v2\/media?parent=1073"}],"curies":[{"name":"wp","href":"https:\/\/api.w.org\/{rel}","templated":true}]}}